{"id":129,"date":"2019-03-20T04:12:33","date_gmt":"2019-03-20T04:12:33","guid":{"rendered":"https:\/\/goya.everthemes.com\/demo-fashion\/?page_id=129"},"modified":"2021-08-01T17:48:40","modified_gmt":"2021-08-01T15:48:40","slug":"about-us","status":"publish","type":"page","link":"https:\/\/nione-life.net\/?page_id=129","title":{"rendered":"\u00dcber uns"},"content":{"rendered":"[vc_row et_full_width=&#8221;true&#8221; et_row_padding=&#8221;true&#8221; full_height=&#8221;yes&#8221; columns_placement=&#8221;stretch&#8221; equal_height=&#8221;yes&#8221; content_placement=&#8221;middle&#8221; css=&#8221;.vc_custom_1579973351197{padding-top: 80px !important;padding-bottom: 80px !important;background: #f4f4f4 url(https:\/\/goyacdn.everthemes.com\/assets\/demo\/content\/uploads\/sites\/3\/2020\/01\/banner-cashmere.jpg?id=3923) !important;background-position: center !important;background-repeat: no-repeat !important;background-size: cover !important;}&#8221; el_class=&#8221;video-bg-row&#8221;][vc_column][vc_row_inner et_max_width=&#8221;&#8221; equal_height=&#8221;yes&#8221; content_placement=&#8221;middle&#8221; css=&#8221;.vc_custom_1562734895463{background-position: center !important;background-repeat: no-repeat !important;background-size: cover !important;}&#8221;][vc_column_inner width=&#8221;1\/2&#8243; css=&#8221;.vc_custom_1562725835995{padding-top: 20% !important;padding-right: 20% !important;padding-bottom: 20% !important;padding-left: 20% !important;}&#8221;][vc_column_text animation=&#8221;animation bottom-to-top&#8221; css=&#8221;.vc_custom_1627226526730{margin-top: 30px !important;}&#8221;]\n<h1 style=\"text-align: center;\">\u00dcber uns<\/h1>\n<blockquote>\n<p style=\"text-align: center;\">Gebe dir, deinem zu Hause &amp; deinem Leben deinen pers\u00f6nlichen Feinschliff!<\/p>\n<\/blockquote>\n[\/vc_column_text][\/vc_column_inner][\/vc_row_inner][\/vc_column][\/vc_row][vc_row][vc_column][vc_empty_space][\/vc_column][\/vc_row][vc_row][vc_column width=&#8221;1\/2&#8243;][vc_empty_space height=&#8221;150px&#8221;][vc_single_image image=&#8221;4389&#8243; img_size=&#8221;full&#8221;][\/vc_column][vc_column width=&#8221;1\/2&#8243;][vc_column_text]\n<h5 class=\"fancy-title\">Unsere Geschichte<\/h5>\n<h2>Herausforderungen sind unser Lebensmotto.<\/h2>\n<p>Nione-Life ist ein Unternehmen der NIONE GmbH<\/p>\n<h5 class=\"mb-4\">Den Weg einzuschlagen, unserem zu Hause und unserem Famillien-Alltag den perfekten Feinschliff zu geben, war die h\u00e4rteste und sch\u00f6nste Erfahrung zugleich.<\/h5>\n<p>Ob eine Optimierung in deinem Zuhause, in der K\u00fcche beim Kochen, oder an Dir und deiner Gesundheit gew\u00fcnscht ist &#8211; mit NIONE, als deinen pers\u00f6nlichen Partner, hast du eine glasklare Zukunft!<\/p>\n<p>Werde mit unserem Unternehmen und unseren qualifizierten Mitarbeitern ein strahlender Diamant.[\/vc_column_text][vc_separator][\/vc_column][vc_column][vc_separator][\/vc_column][vc_column][\/vc_column][vc_column][\/vc_column][vc_column][\/vc_column][\/vc_row][vc_row][vc_column width=&#8221;1\/2&#8243;][vc_empty_space][vc_single_image image=&#8221;4405&#8243; img_size=&#8221;465&#215;400&#8243;][\/vc_column][vc_column width=&#8221;1\/2&#8243;][vc_empty_space height=&#8221;150px&#8221;][vc_column_text]<span class=\"subheading\">VOM TISCHLERGESELLEN ZUM EIGENEN FENSTERVERTRIEB UND MONTAGEBETRIEB<\/span><\/p>\n<h5 class=\"mb-4\">Seit mehr als einem Jahrzehnt sind wir im Bereich Fenster, T\u00fcren, Sonnenschutztechnik und Ladenbau t\u00e4tig.<\/h5>\n<p>Als EIN-MANN-BETRIEB gestartet, besteht unser Unternehmen aus mehreren Qualifizierten Mitarbeitern und einem Netzwerk aus verschiedenen Gewerken mit jahrelanger Erfahrung in den verschiedenen Branchen.<\/p>\n<p>Besuche uns auf <a href=\"https:\/\/nione.net\">nione.net<\/a>[\/vc_column_text][\/vc_column][\/vc_row][vc_row et_full_width=&#8221;true&#8221; css=&#8221;.vc_custom_1579114943204{padding-top: 80px !important;padding-bottom: 60px !important;background-color: #f6f6f6 !important;}&#8221;][vc_column][vc_row_inner et_column_align=&#8221;align-center&#8221; css=&#8221;.vc_custom_1578532916555{margin-bottom: 25px !important;}&#8221;][vc_column_inner animation=&#8221;animation bottom-to-top&#8221; offset=&#8221;vc_col-lg-6&#8243;][vc_column_text]\n<h5 class=\"fancy-title\" style=\"text-align: center;\">Immer gut Beraten<\/h5>\n<p style=\"text-align: center;\">Mit der NIONE GmbH immer kompetent und schnell zum Ziel<\/p>\n[\/vc_column_text][\/vc_column_inner][\/vc_row_inner][vc_row_inner et_column_align=&#8221;align-center&#8221;][vc_column_inner animation=&#8221;animation bottom-to-top&#8221; offset=&#8221;vc_col-lg-8&#8243;]\t<div id=\"et-icon-holder-643\" class=\"et-icon-holder row center-true lg-block-grid-3 md-block-grid-2 block-grid-1 \">\n\t\t\r\n\t<div id=\"et-iconbox-629\" class=\"et-iconbox layout-centered icon-style-simple bottom-spacing-none icon-color- text-color-  \"> \r\n\t\t<div class=\"et-icon-inner\">\r\n\t\t\t<figure class=\"et-feature-icon\">\r\n\t\t\t\t\t\t\t\t<span class=\"fas fa-door-open\"><\/span>\r\n\t\t\t\t\t\t\t<\/figure>\r\n\t\t\t<div class=\"et-feature-content\"> \r\n\t\t\t\t\t\t\t\t\t\t\t\t\t<h4 class=\"title\">NIONE GmbH<\/h4>\r\n\t\t\t\t\t\t\t\t<div class=\"wpb_text_column\"><p>Beste Qualit\u00e4t, individuelle Konzepte und fachm\u00e4nnische Montage \u2013 daf\u00fcr stehen wir mit unserem Namen.<\/p>\n<\/div>\r\n\t\t\t\t\t\t\t<\/div>\r\n\t\t<\/div>\r\n\t<\/div>\r\n\r\n\t\r\n\t<div id=\"et-iconbox-282\" class=\"et-iconbox layout-centered icon-style-simple bottom-spacing-none icon-color- text-color-  \"> \r\n\t\t<div class=\"et-icon-inner\">\r\n\t\t\t<figure class=\"et-feature-icon\">\r\n\t\t\t\t\t\t\t\t<span class=\"fas fa-weight\"><\/span>\r\n\t\t\t\t\t\t\t<\/figure>\r\n\t\t\t<div class=\"et-feature-content\"> \r\n\t\t\t\t\t\t\t\t\t\t\t\t\t<h4 class=\"title\">NIONE-Life<\/h4>\r\n\t\t\t\t\t\t\t\t<div class=\"wpb_text_column\"><p>Raus aus dem Lagerkoller. Mit uns k\u00f6nnen Sie &#8220;besser&#8221; leben.<\/p>\n<\/div>\r\n\t\t\t\t\t\t\t<\/div>\r\n\t\t<\/div>\r\n\t<\/div>\r\n\r\n\t\r\n\t<div id=\"et-iconbox-161\" class=\"et-iconbox layout-centered icon-style-simple bottom-spacing-none icon-color- text-color-  \"> \r\n\t\t<div class=\"et-icon-inner\">\r\n\t\t\t<figure class=\"et-feature-icon\">\r\n\t\t\t\t\t\t\t\t<span class=\"fas fa-toggle-on\"><\/span>\r\n\t\t\t\t\t\t\t<\/figure>\r\n\t\t\t<div class=\"et-feature-content\"> \r\n\t\t\t\t\t\t\t\t\t\t\t\t\t<h4 class=\"title\">Zusammenhalt<\/h4>\r\n\t\t\t\t\t\t\t\t<div class=\"wpb_text_column\"><p>Mit uns haben Sie einen starken Partner f\u00fcr\u00b4s Handwerk, Livestyle und Gesundheit gefunden!<\/p>\n<\/div>\r\n\t\t\t\t\t\t\t<\/div>\r\n\t\t<\/div>\r\n\t<\/div>\r\n\r\n\t\t<\/div>\n\t[\/vc_column_inner][\/vc_row_inner][\/vc_column][\/vc_row]\n","protected":false},"excerpt":{"rendered":"<p>[vc_row et_full_width=&#8221;true&#8221; et_row_padding=&#8221;true&#8221; full_height=&#8221;yes&#8221; columns_placement=&#8221;stretch&#8221; equal_height=&#8221;yes&#8221; content_placement=&#8221;middle&#8221; css=&#8221;.vc_custom_1579973351197{padding-top: 80px !important;padding-bottom: 80px !important;background: #f4f4f4 url(https:\/\/goyacdn.everthemes.com\/assets\/demo\/content\/uploads\/sites\/3\/2020\/01\/banner-cashmere.jpg?id=3923) !important;background-position: center !important;background-repeat: no-repeat !important;background-size: cover !important;}&#8221; el_class=&#8221;video-bg-row&#8221;][vc_column][vc_row_inner et_max_width=&#8221;&#8221; equal_height=&#8221;yes&#8221; content_placement=&#8221;middle&#8221; css=&#8221;.vc_custom_1562734895463{background-position: center !important;background-repeat: no-repeat !important;background-size: cover !important;}&#8221;][vc_column_inner width=&#8221;1\/2&#8243; css=&#8221;.vc_custom_1562725835995{padding-top: 20% !important;padding-right: 20% !important;padding-bottom: 20% !important;padding-left: 20% !important;}&#8221;][vc_column_text animation=&#8221;animation bottom-to-top&#8221; css=&#8221;.vc_custom_1627226526730{margin-top: 30px !important;}&#8221;] \u00dcber uns Gebe&hellip;<\/p>\n","protected":false},"author":2,"featured_media":0,"parent":0,"menu_order":0,"comment_status":"closed","ping_status":"closed","template":"","meta":{"footnotes":""},"class_list":["post-129","page","type-page","status-publish","hentry"],"_links":{"self":[{"href":"https:\/\/nione-life.net\/index.php?rest_route=\/wp\/v2\/pages\/129","targetHints":{"allow":["GET"]}}],"collection":[{"href":"https:\/\/nione-life.net\/index.php?rest_route=\/wp\/v2\/pages"}],"about":[{"href":"https:\/\/nione-life.net\/index.php?rest_route=\/wp\/v2\/types\/page"}],"author":[{"embeddable":true,"href":"https:\/\/nione-life.net\/index.php?rest_route=\/wp\/v2\/users\/2"}],"replies":[{"embeddable":true,"href":"https:\/\/nione-life.net\/index.php?rest_route=%2Fwp%2Fv2%2Fcomments&post=129"}],"version-history":[{"count":65,"href":"https:\/\/nione-life.net\/index.php?rest_route=\/wp\/v2\/pages\/129\/revisions"}],"predecessor-version":[{"id":4418,"href":"https:\/\/nione-life.net\/index.php?rest_route=\/wp\/v2\/pages\/129\/revisions\/4418"}],"wp:attachment":[{"href":"https:\/\/nione-life.net\/index.php?rest_route=%2Fwp%2Fv2%2Fmedia&parent=129"}],"curies":[{"name":"wp","href":"https:\/\/api.w.org\/{rel}","templated":true}]}}