{"id":4346,"date":"2021-08-01T01:17:01","date_gmt":"2021-07-31T23:17:01","guid":{"rendered":"https:\/\/nione-life.net\/?page_id=4346"},"modified":"2021-08-01T14:04:50","modified_gmt":"2021-08-01T12:04:50","slug":"impressum","status":"publish","type":"page","link":"https:\/\/nione-life.net\/?page_id=4346","title":{"rendered":"Impressum"},"content":{"rendered":"[vc_row][vc_column width=&#8221;1\/2&#8243;][vc_column_text]<strong>Verantwortlicher<\/strong><\/p>\n<p>NIONE GmbH<br \/>\nSandstr. 60<br \/>\n30823 Garbsen<br \/>\nDeutschland<\/p>\n<p>E-Mail:\u00a0<a href=\"mailto:info@nione-life.net\">info@nione-life.net<\/a><br \/>\nRufnummer: 0173\/180 11 00<br \/>\nSteuerNr: 79560830423<br \/>\nUst-IdNr: DE343211053[\/vc_column_text][\/vc_column][vc_column width=&#8221;1\/2&#8243;][vc_column_text]<strong>Internetauftritt \/ Hosting<\/strong><\/p>\n<p>Dominic Schubert \/ 3DNS<br \/>\nVarkausring 98<br \/>\n01796 Pirna<br \/>\nDeutschland<\/p>\n<p>E-Mail:\u00a0<a href=\"mailto:info@dom1nic.eu\">info@dom1nic.eu<\/a><br \/>\nRufnummer: 03501 7672414<br \/>\nSteuerNr: 210\/272\/13496<br \/>\nUst-IdNr: DE323321052[\/vc_column_text][\/vc_column][\/vc_row][vc_row][vc_column][vc_column_text]\n<h2 id=\"eu-streitschlichtung\" class=\"adsimple-321292277\" data-fontsize=\"24\" data-lineheight=\"36\">EU-Streitschlichtung<\/h2>\n<p>Gem\u00e4\u00df Verordnung \u00fcber Online-Streitbeilegung in Verbraucherangelegenheiten (ODR-Verordnung) m\u00f6chten wir Sie \u00fcber die Online-Streitbeilegungsplattform (OS-Plattform) informieren.<br \/>\nVerbraucher haben die M\u00f6glichkeit, Beschwerden an die Online Streitbeilegungsplattform der Europ\u00e4ischen Kommission unter\u00a0<a class=\"adsimple-321292277\" href=\"https:\/\/ec.europa.eu\/consumers\/odr\/main\/index.cfm?event=main.home2.show&amp;lng=DE\" target=\"_blank\" rel=\"noopener\">http:\/\/ec.europa.eu\/odr?tid=321292277<\/a>\u00a0zu richten. Die daf\u00fcr notwendigen Kontaktdaten finden Sie oberhalb in unserem Impressum.<\/p>\n<p>Wir m\u00f6chten Sie jedoch darauf hinweisen, dass wir nicht bereit oder verpflichtet sind, an Streitbeilegungsverfahren vor einer Verbraucherschlichtungsstelle teilzunehmen.<\/p>\n<h2 id=\"haftungs-inhalte-website\" class=\"adsimple-321292277\" data-fontsize=\"24\" data-lineheight=\"36\">Haftung f\u00fcr Inhalte dieser Website<\/h2>\n<p>Wir entwickeln die Inhalte dieser Webseite st\u00e4ndig weiter und bem\u00fchen uns korrekte und aktuelle Informationen bereitzustellen. Laut Telemediengesetz\u00a0<a class=\"adsimple-321292277\" href=\"https:\/\/www.gesetze-im-internet.de\/tmg\/__7.html?tid=321292277\" target=\"_blank\" rel=\"noopener\">(TMG) \u00a77 (1)<\/a>\u00a0sind wir als Diensteanbieter f\u00fcr eigene Informationen, die wir zur Nutzung bereitstellen, nach den allgemeinen Gesetzen verantwortlich. Leider k\u00f6nnen wir keine Haftung f\u00fcr die Korrektheit aller Inhalte auf dieser Webseite \u00fcbernehmen, speziell f\u00fcr jene die seitens Dritter bereitgestellt wurden. Als Diensteanbieter im Sinne der \u00a7\u00a7 8 bis 10 sind wir nicht verpflichtet, die von ihnen \u00fcbermittelten oder gespeicherten Informationen zu \u00fcberwachen oder nach Umst\u00e4nden zu forschen, die auf eine rechtswidrige T\u00e4tigkeit hinweisen.<\/p>\n<p>Unsere Verpflichtungen zur Entfernung von Informationen oder zur Sperrung der Nutzung von Informationen nach den allgemeinen Gesetzen aufgrund von gerichtlichen oder beh\u00f6rdlichen Anordnungen bleiben auch im Falle unserer Nichtverantwortlichkeit nach den \u00a7\u00a7 8 bis 10 unber\u00fchrt.<\/p>\n<p>Sollten Ihnen problematische oder rechtswidrige Inhalte auffallen, bitte wir Sie uns umgehend zu kontaktieren, damit wir die rechtswidrigen Inhalte entfernen k\u00f6nnen. Sie finden die Kontaktdaten im Impressum.<\/p>\n<h2 id=\"haftung-links-website\" class=\"adsimple-321292277\" data-fontsize=\"24\" data-lineheight=\"36\">Haftung f\u00fcr Links auf dieser Website<\/h2>\n<p>Unsere Webseite enth\u00e4lt Links zu anderen Webseiten f\u00fcr deren Inhalt wir nicht verantwortlich sind. Haftung f\u00fcr verlinkte Websites besteht f\u00fcr uns nicht, da wir keine Kenntnis rechtswidriger T\u00e4tigkeiten hatten und haben, uns solche Rechtswidrigkeiten auch bisher nicht aufgefallen sind und wir Links sofort entfernen w\u00fcrden, wenn uns Rechtswidrigkeiten bekannt werden.<\/p>\n<p>Wenn Ihnen rechtswidrige Links auf unserer Website auffallen, bitte wir Sie uns zu kontaktieren. Sie finden die Kontaktdaten im Impressum.[\/vc_column_text][\/vc_column][\/vc_row]\n","protected":false},"excerpt":{"rendered":"<p>[vc_row][vc_column width=&#8221;1\/2&#8243;][vc_column_text]Verantwortlicher NIONE GmbH Sandstr. 60 30823 Garbsen Deutschland E-Mail:\u00a0info@nione-life.net Rufnummer: 0173\/180 11 00 SteuerNr: 79560830423 Ust-IdNr: DE343211053[\/vc_column_text][\/vc_column][vc_column width=&#8221;1\/2&#8243;][vc_column_text]Internetauftritt \/ Hosting Dominic Schubert \/ 3DNS Varkausring 98 01796 Pirna Deutschland E-Mail:\u00a0info@dom1nic.eu Rufnummer: 03501 7672414 SteuerNr: 210\/272\/13496 Ust-IdNr: DE323321052[\/vc_column_text][\/vc_column][\/vc_row][vc_row][vc_column][vc_column_text] EU-Streitschlichtung Gem\u00e4\u00df Verordnung \u00fcber Online-Streitbeilegung in Verbraucherangelegenheiten (ODR-Verordnung) m\u00f6chten wir Sie \u00fcber&hellip;<\/p>\n","protected":false},"author":2,"featured_media":0,"parent":0,"menu_order":0,"comment_status":"closed","ping_status":"closed","template":"","meta":{"footnotes":""},"class_list":["post-4346","page","type-page","status-publish","hentry"],"_links":{"self":[{"href":"https:\/\/nione-life.net\/index.php?rest_route=\/wp\/v2\/pages\/4346","targetHints":{"allow":["GET"]}}],"collection":[{"href":"https:\/\/nione-life.net\/index.php?rest_route=\/wp\/v2\/pages"}],"about":[{"href":"https:\/\/nione-life.net\/index.php?rest_route=\/wp\/v2\/types\/page"}],"author":[{"embeddable":true,"href":"https:\/\/nione-life.net\/index.php?rest_route=\/wp\/v2\/users\/2"}],"replies":[{"embeddable":true,"href":"https:\/\/nione-life.net\/index.php?rest_route=%2Fwp%2Fv2%2Fcomments&post=4346"}],"version-history":[{"count":3,"href":"https:\/\/nione-life.net\/index.php?rest_route=\/wp\/v2\/pages\/4346\/revisions"}],"predecessor-version":[{"id":4374,"href":"https:\/\/nione-life.net\/index.php?rest_route=\/wp\/v2\/pages\/4346\/revisions\/4374"}],"wp:attachment":[{"href":"https:\/\/nione-life.net\/index.php?rest_route=%2Fwp%2Fv2%2Fmedia&parent=4346"}],"curies":[{"name":"wp","href":"https:\/\/api.w.org\/{rel}","templated":true}]}}