{"id":72,"date":"2019-03-17T17:19:40","date_gmt":"2019-03-17T17:19:40","guid":{"rendered":"https:\/\/goya.everthemes.com\/demo-fashion\/?page_id=72"},"modified":"2021-07-25T17:05:05","modified_gmt":"2021-07-25T15:05:05","slug":"terms-conditions","status":"publish","type":"page","link":"https:\/\/nione-life.net\/?page_id=72","title":{"rendered":"Allgemeine Gesch\u00e4ftsbedingungen"},"content":{"rendered":"\n<p><strong>\u00a7 1 Betreiber des<\/strong> <strong>Online-Shops und Geltung dieser Allgemeinen Gesch\u00e4ftsbedingungen<\/strong><\/p>\n\n\n\n<p>1. Dieser Online-Shop wird von der NIONE GmbH, Sandstr. 60, 30823 Garbsen betrieben.\u00a0<\/p>\n\n\n\n<p>2. F\u00fcr den Verkauf von Waren durch uns gelten ausschlie\u00dflich diese Gesch\u00e4ftsbedingungen. Andere Gesch\u00e4ftsbedingungen, insbesondere Gesch\u00e4ftsbedingungen von Kunden, gelten nur, wenn sie von uns anerkannt worden sind.<\/p>\n\n\n\n<p>3. Wir verkaufen unsere Waren ausschlie\u00dflich an Verbraucher und nur in handels\u00fcblichen Mengen. Bestellungen werden \u00fcber uns sowie unseren Dropshippingpartnern durchgef\u00fchrt.<\/p>\n\n\n\n<p>4. Deutsch ist ausschlie\u00dfliche Vertragssprache.<\/p>\n\n\n\n<p><strong>\u00a7 2 Vertragsschluss<\/strong><\/p>\n\n\n\n<p>1. Sie k\u00f6nnen im Rahmen des Online-Shops einzelne Waren aus dem Angebot ausw\u00e4hlen und durch Anklicken des Buttons &#8220;in den Warenkorb&#8221; in einem elektronischen Warenkorb sammeln. Eine f\u00fcr Sie verbindliche Bestellung kommt erst zustande, wenn Sie s\u00e4mtliche f\u00fcr die Vertragsdurchf\u00fchrung erforderlichen Daten eingegeben, die Kenntnisnahme von diesen Gesch\u00e4ftsbedingungen best\u00e4tigt und den Button &#8220;Kaufen&#8221; angeklickt haben. Bis zum Anklicken dieses Buttons k\u00f6nnen Sie Ihre Bestellung und die zu Ihrer Bestellung angegebenen Daten jederzeit \u00e4ndern und berichtigen.<\/p>\n\n\n\n<p>2. Nach Abgabe Ihrer Bestellung erhalten Sie eine automatisch erzeugte Empfangsbest\u00e4tigung zu Ihrer Bestellung per E-Mail. In dieser Empfangsbest\u00e4tigung sind die Daten Ihrer Bestellung sowie diese Allgemeinen Gesch\u00e4ftsbedingungen noch einmal aufgef\u00fchrt. Soweit Sie nicht bereits im Rahmen des Bestellvorgangs die Daten Ihrer Bestellung und diese Allgemeinen Gesch\u00e4ftsbedingungen ausgedruckt und\/oder anderweitig gespeichert haben, raten wir Ihnen dazu, diese E-Mail auszudrucken und abzuspeichern. Unsererseits erfolgt keine Speicherung. Durch die Empfangsbest\u00e4tigung kommt kein Kaufvertrag zustande; die Empfangsbest\u00e4tigung dokumentiert lediglich, dass Ihre Bestellung bei uns eingegangen ist.<\/p>\n\n\n\n<p>3. Wir behalten uns die Annahme Ihrer Bestellung vor; zum Abschluss eines Vertrags aufgrund Ihrer Bestellung sind wir nicht verpflichtet. Ihre Bestellung nehmen wir erst durch Versendung der bestellten Ware an. Sie erhalten hierzu eine Benachrichtigung durch eine gesonderte E-Mail. Bestellungen von Minderj\u00e4hrigen unter 18 Jahren nehmen wir nicht an.<\/p>\n\n\n\n<p>4. Der Mindestlieferwert betr\u00e4gt 1.00 \u20ac, d.h. Warenlieferungen unter diesem Wert k\u00f6nnen wir leider nicht ausf\u00fchren.<\/p>\n\n\n\n<p><strong>\u00a7 3 Verf\u00fcgbarkeit und Lieferzeit von Waren<\/strong><\/p>\n\n\n\n<p>1. Ist eine oder sind mehrere der von Ihnen bestellten Waren zum Zeitpunkt Ihrer Bestellung nicht mehr lieferbar, k\u00f6nnen wir Ihre Bestellung leider nicht vollst\u00e4ndig erf\u00fcllen. Wir behalten uns die Wahl vor, die Bestellung in einem solchen Fall teilweise auszuf\u00fchren oder vollst\u00e4ndig zur\u00fcckzuweisen. Dar\u00fcber werden wir Sie dann unverz\u00fcglich per E-Mail informieren.<\/p>\n\n\n\n<p>2. Ist die von Ihnen bestellte Ware oder sind die von Ihnen bestellten Waren verf\u00fcgbar, betr\u00e4gt die Zeit bis zur Lieferung an die von Ihnen angegebene Adresse ca. sechs bis zw\u00f6lf Werktage nach Eingang Ihrer Bestellung.&nbsp;<\/p>\n\n\n\n<p><strong>\u00a7 3 Preis<\/strong><\/p>\n\n\n\n<p>1. Alle Preise, die f\u00fcr Waren im Online-Shop angegeben sind, enthalten die jeweils g\u00fcltige gesetzliche Umsatzsteuer.<\/p>\n\n\n\n<p>2. Zus\u00e4tzlich berechnen wir f\u00fcr jede Sendung Versandkosten welche im Warenkorb angezeigt wird. Downloadartikel sind Versankostenfrei<\/p>\n\n\n\n<p><strong>\u00a7 5 Zahlungsmodalit\u00e4ten<\/strong><\/p>\n\n\n\n<p>1. Sie k\u00f6nnen bei der Bezahlung zwischen verschiedenen Zahlungsarten w\u00e4hlen:<\/p>\n\n\n\n<p>Zahlung per Vorkasse: bei Auswahl der Zahlungsart &#8220;Vorkasse&#8221; erhalten Sie nach Bestellabschluss eine gesonderte E-Mail mit Informationen \u00fcber unsere Bankverbindung.<\/p>\n\n\n\n<p>Zahlung per PayPal: Ihre Bank- oder Kreditkartendaten sind bei PayPal nach eigener Registrierung hinterlegt.<\/p>\n\n\n\n<p>Zahlung per SOFORT \u00dcberweisung: bei der Bezahlart SOFORT \u00dcberweisung stellen Sie noch w\u00e4hrend Ihrer Bestellung bequem eine \u00dcberweisung \u00fcber den jeweiligen Betrag in Ihr Online-Banking-Konto ein.<\/p>\n\n\n\n<p>2. Bitte beachten Sie, dass aufgrund Ihrer mit Kreditinstituten oder anderen Institutionen geschlossenen Vereinbarungen zus\u00e4tzliche Kosten f\u00fcr \u00dcberweisungen, Kontof\u00fchrung, etc. f\u00fcr Sie entstehen k\u00f6nnen.<\/p>\n\n\n\n<p>3. Wir behalten uns vor, die Nutzung der oben genannten Zahlungsarten individuell auf die Nutzung einer oder mehreren Zahlungsarten zu beschr\u00e4nken.<\/p>\n\n\n\n<p>4. Es gilt \u00a7 286 Abs. 3 BGB; danach befinden Sie sich 30 Tage nach F\u00e4lligkeit des Kaufpreises in Verzug. F\u00fcr jede Mahnung erheben wir eine Pauschale von \u20ac 2,00; es bleibt Ihnen unbenommen nachzuweisen, dass PRIMAL.FM niedrigere oder gar keine Aufwendungen f\u00fcr die Mahnung entstanden sind. Weitergehende Anspr\u00fcche von PRIMAL.FM, insbesondere Schadenersatzanspr\u00fcche und Anspr\u00fcche auf Verzugszinsen, bleiben unber\u00fchrt.<\/p>\n\n\n\n<p><strong>\u00a7 6 Eigentumsvorbehalt<\/strong><\/p>\n\n\n\n<p>Bis zur vollst\u00e4ndigen Bezahlung bleiben die gelieferten Waren unser Eigentum.<\/p>\n\n\n\n<p>\u00a7 7 Anspr\u00fcche wegen M\u00e4ngeln und Haftung wegen Schadenersatz<\/p>\n\n\n\n<p>1. Es gelten die gesetzlichen Regelungen zu Sach- und Rechtsm\u00e4ngeln. S\u00e4mtliche Angaben zu den Waren sind Beschaffenheitsangaben und keine Garantien.<\/p>\n\n\n\n<p>2. Auf Schadenersatz haften wir f\u00fcr vors\u00e4tzliches und grob fahrl\u00e4ssiges Verhalten unserer Organe und Erf\u00fcllungsgehilfen sowie ohne R\u00fccksicht auf den Grad des Verschuldens f\u00fcr Sch\u00e4den aus der Verletzung des Lebens, des K\u00f6rpers oder der Gesundheit. Weiter haften wir f\u00fcr leichte Fahrl\u00e4ssigkeit unserer Organe und Erf\u00fcllungsgehilfen im Falle der Unm\u00f6glichkeit, des Leistungsverzugs, der Nichteinhaltung einer Garantie oder der Verletzung einer sonstigen wesentlichen Vertragspflicht; wesentliche Vertragspflichten sind solche, auf deren Einhaltung Sie regelm\u00e4\u00dfig vertrauen d\u00fcrfen oder die die Durchf\u00fchrung des Vertrags erst erm\u00f6glichen. Bei leicht fahrl\u00e4ssiger Verletzung der vorgenannten Pflichten ist unsere Haftung auf solche vertragstypischen Sch\u00e4den beschr\u00e4nkt, mit denen wir bei Vertragsschluss vern\u00fcnftigerweise rechnen mussten. Eine \u00fcber die Haftung nach den vorgenannten Regeln hinausgehende Haftung auf Schadenersatz unsererseits ist ausgeschlossen. Die vorgenannten Haftungsbeschr\u00e4nkungen gelten auch zu Gunsten unserer Organe und Erf\u00fcllungsgehilfen.<\/p>\n\n\n\n<p>3. Anspr\u00fcche nach dem Produkthaftungsgesetz bleiben unber\u00fchrt.<\/p>\n\n\n\n<p><strong>\u00a7 8 Urheberrecht und Markenzeichen<\/strong><\/p>\n\n\n\n<p>Die von uns betriebene Website sowie deren gesamter Inhalt, insbesondere Texte, Fotos, Bilder, Grafiken, Drucke, Textildesigns, Filme, Pr\u00e4sentationen, Ger\u00e4usche, Illustrationen und etwaige Software sowie alle Marken- und\/oder Geschmacksmuster sind s\u00e4mtlich durch gewerbliche Schutzrechte, insbesondere Urheberrechte, Namens- und Bildrechte, Marken und\/oder eingetragene bzw. nicht eingetragene Geschmacksmusterrechte gegen unberechtigte Nutzung gesch\u00fctzt. Jede Nutzung au\u00dferhalb des Aussuchens und des Kaufs einer Ware bedarf der vorherigen schriftlichen Zustimmung unsererseits oder, wenn die jeweiligen Rechte nicht bei uns liegen, von Seiten des Rechteinhabers.<\/p>\n\n\n\n<p><strong>\u00a7 9 Anwendbares Recht<\/strong><\/p>\n\n\n\n<p>Es gilt das materielle Recht der Bundesrepublik Deutschland unter Ausschluss des UN-\u00dcbereinkommens \u00fcber den Internationalen Warenkauf (CISG).<\/p>\n\n\n\n<p><strong>\u00a7 10 Hinweis auf Telefonkosten<\/strong><\/p>\n\n\n\n<p>Telefonkosten ergeben sich f\u00fcr Sie bei telefonischem Kontakt gem\u00e4\u00df Ihres Telefonvertrags, dar\u00fcber hinaus entstehen Ihnen keine weiteren Kosten.<\/p>\n\n\n\n<p><strong>\u00a7 11 Hinweis auf Batteriegesetz<\/strong><\/p>\n\n\n\n<p>Da wir unter anderem Batterien und Akkus bzw. solche Ger\u00e4te verkaufen, die Batterien und Akkus enthalten, sind wir nach dem Batteriegesetz (BattG) verpflichtet, Sie auf Folgendes hinzuweisen: Batterien und Akkus d\u00fcrfen nicht im Hausm\u00fcll entsorgt werden, sondern Sie sind zur R\u00fcckgabe gebrauchter Batterien und Akkus gesetzlich verpflichtet. Altbatterien k\u00f6nnen Schadstoffe enthalten, die bei nicht sachgem\u00e4\u00dfer Lagerung oder Entsorgung die Umwelt oder Ihre Gesundheit sch\u00e4digen k\u00f6nnen. Batterien enthalten aber auch wichtige Rohstoffe wie z.B. Eisen, Zink, Mangan oder Nickel und werden wieder verwertet. Sie k\u00f6nnen die Batterien nach Gebrauch entweder ausreichend frankiert an uns zur\u00fccksenden oder unentgeltlich in unserem Versandlager (M\u00fcnchner Stra\u00dfe 46, 30855 Langenhagen) bzw. in Ihrer N\u00e4he (im Handel oder in kommunalen Sammelstellen) zur\u00fcckgegeben. Die durchgekreuzte M\u00fclltonne bedeutet, dass Sie Batterien und Akkus nicht im Hausm\u00fcll entsorgen d\u00fcrfen.<\/p>\n\n\n\n<p><strong>\u00a7 12 Widerrufsrecht und Widerrufsbelehrung<\/strong><\/p>\n\n\n\n<p>1. Gesetzliches Widerrufsrecht und Widerrufsbelehrung<br>2. Downloadartikel sind nicht R\u00fcckgaberechtigt.<\/p>\n\n\n\n<p><strong>Widerrufsbelehrung<\/strong><\/p>\n\n\n\n<p>Sie haben das Recht, binnen vierzehn Tagen ohne Angabe von Gr\u00fcnden diesen Vertrag zu widerrufen.<\/p>\n\n\n\n<p>Die Widerrufsfrist betr\u00e4gt vierzehn Tage ab dem Tag an dem Sie oder ein von Ihnen benannter Dritter, der nicht der Bef\u00f6rderer ist, die Waren in Besitz genommen haben bzw. hat.<\/p>\n\n\n\n<p>Um Ihr Widerrufsrecht auszu\u00fcben, m\u00fcssen Sie uns eine E-Mail mittels einer eindeutigen Erkl\u00e4rung (z.B. ein mit der Post versandter Brief oder E-Mail) \u00fcber Ihren Entschluss, diesen Vertrag zu widerrufen, informieren. Sie k\u00f6nnen daf\u00fcr das beigef\u00fcgte Muster-Widerrufsformular verwenden, das jedoch nicht vorgeschrieben ist.<\/p>\n\n\n\n<p>Zur Wahrung der Widerrufsfrist reicht es aus, dass Sie die Mitteilung \u00fcber die Aus\u00fcbung des Widerrufsrechts vor Ablauf der Widerrufsfrist absenden.<\/p>\n\n\n\n<p>Folgen des Widerrufs<\/p>\n\n\n\n<p>Wenn Sie diesen Vertrag widerrufen, haben wir Ihnen alle Zahlungen, die wir von Ihnen erhalten haben, einschlie\u00dflich der Lieferkosten (mit Ausnahme der zus\u00e4tzlichen Kosten, die sich daraus ergeben, dass Sie eine andere Art der Lieferung als die von uns angebotene, g\u00fcnstigste Standardlieferung gew\u00e4hlt haben), unverz\u00fcglich und sp\u00e4testens binnen vierzehn Tagen ab dem Tag zur\u00fcckzuzahlen, an dem die Mitteilung \u00fcber Ihren Widerruf dieses Vertrags bei uns eingegangen ist. F\u00fcr diese R\u00fcckzahlung verwenden wir dasselbe Zahlungsmittel, das Sie bei der urspr\u00fcnglichen Transaktion eingesetzt haben, es sei denn, mit Ihnen wurde ausdr\u00fccklich etwas anderes vereinbart; in keinem Fall werden Ihnen wegen dieser R\u00fcckzahlung Entgelte berechnet. Wir k\u00f6nnen die R\u00fcckzahlung verweigern, bis wir die Waren wieder zur\u00fcckerhalten haben oder bis Sie den Nachweis erbracht haben, dass Sie die Waren zur\u00fcckgesandt haben, je nachdem, welches der fr\u00fchere Zeitpunkt ist.<\/p>\n\n\n\n<p>Sie haben die Waren unverz\u00fcglich und in jedem Fall sp\u00e4testens binnen vierzehn Tagen ab dem Tag, an dem Sie uns \u00fcber den Widerruf dieses Vertrags unterrichten, an uns zur\u00fcckzusenden oder zu \u00fcbergeben. Die Frist ist gewahrt, wenn Sie die Waren vor Ablauf der Frist von vierzehn Tagen absenden.<\/p>\n\n\n\n<p>Sie m\u00fcssen f\u00fcr einen etwaigen Wertverlust der Waren nur aufkommen, wenn dieser Wertverlust auf einen zur Pr\u00fcfung der Beschaffenheit, Eigenschaften und Funktionsweise der Waren nicht notwendigen Umgang mit ihnen zur\u00fcckzuf\u00fchren ist.<\/p>\n\n\n\n<p>2. Wenn Sie die gelieferte Ware innerhalb der Widerrufsfrist ohne einen ausdr\u00fccklich erkl\u00e4rten Widerruf an uns zur\u00fccksenden behandeln wir dies als Widerruf und die oben erl\u00e4uterten Widerrufs folgen treten ein.<\/p>\n\n\n\n<p>3. Bei Lieferungen \u00fcber Dropshippinganbieter (z.B. Amazon) gelten die Widerrufsbelehrungen des Anbieters.<\/p>\n\n\n\n<p>Stand 25.07.2021<\/p>\n","protected":false},"excerpt":{"rendered":"<p>\u00a7 1 Betreiber des Online-Shops und Geltung dieser Allgemeinen Gesch\u00e4ftsbedingungen 1. Dieser Online-Shop wird von der NIONE GmbH, Sandstr. 60, 30823 Garbsen betrieben.\u00a0 2. F\u00fcr den Verkauf von Waren durch uns gelten ausschlie\u00dflich diese Gesch\u00e4ftsbedingungen. Andere Gesch\u00e4ftsbedingungen, insbesondere Gesch\u00e4ftsbedingungen von Kunden, gelten nur, wenn sie von uns anerkannt worden sind.&hellip;<\/p>\n","protected":false},"author":2,"featured_media":0,"parent":0,"menu_order":0,"comment_status":"closed","ping_status":"closed","template":"","meta":{"footnotes":""},"class_list":["post-72","page","type-page","status-publish","hentry"],"_links":{"self":[{"href":"https:\/\/nione-life.net\/index.php?rest_route=\/wp\/v2\/pages\/72","targetHints":{"allow":["GET"]}}],"collection":[{"href":"https:\/\/nione-life.net\/index.php?rest_route=\/wp\/v2\/pages"}],"about":[{"href":"https:\/\/nione-life.net\/index.php?rest_route=\/wp\/v2\/types\/page"}],"author":[{"embeddable":true,"href":"https:\/\/nione-life.net\/index.php?rest_route=\/wp\/v2\/users\/2"}],"replies":[{"embeddable":true,"href":"https:\/\/nione-life.net\/index.php?rest_route=%2Fwp%2Fv2%2Fcomments&post=72"}],"version-history":[{"count":1,"href":"https:\/\/nione-life.net\/index.php?rest_route=\/wp\/v2\/pages\/72\/revisions"}],"predecessor-version":[{"id":4172,"href":"https:\/\/nione-life.net\/index.php?rest_route=\/wp\/v2\/pages\/72\/revisions\/4172"}],"wp:attachment":[{"href":"https:\/\/nione-life.net\/index.php?rest_route=%2Fwp%2Fv2%2Fmedia&parent=72"}],"curies":[{"name":"wp","href":"https:\/\/api.w.org\/{rel}","templated":true}]}}