{"id":4089,"date":"2021-07-25T13:59:34","date_gmt":"2021-07-25T11:59:34","guid":{"rendered":"http:\/\/life.nione.3xd.eu\/?post_type=product&#038;p=4089"},"modified":"2025-06-04T08:26:59","modified_gmt":"2025-06-04T06:26:59","slug":"rohdiamant-prinzip-summer-edition","status":"publish","type":"product","link":"https:\/\/nione-life.net\/?product=rohdiamant-prinzip-summer-edition","title":{"rendered":"Rohdiamant Prinzip &#8211; Summer Edition"},"content":{"rendered":"<p>Genie\u00dfe die K\u00f6stlichkeiten, die wir extra f\u00fcr deine Sommertage \/-n\u00e4chte zusammengestellt haben!<br \/>\nSo kommst du schlau durch den Sommer &#8211; Schlemmen und trotzdem ohne Probleme abnehmen.<\/p>\n","protected":false},"excerpt":{"rendered":"<p>Der Sommer steht vor der T\u00fcr. Was gibt es Besseres, als ein paar sommerliche, leckere Rezepte, nach dem bew\u00e4hrten RDP-Prinzip?<\/p>\n","protected":false},"featured_media":4090,"comment_status":"open","ping_status":"closed","template":"","meta":[],"product_cat":[74],"product_tag":[],"class_list":{"0":"post-4089","1":"product","2":"type-product","3":"status-publish","4":"has-post-thumbnail","6":"product_cat-rohdiament-prinzip","8":"first","9":"instock","10":"downloadable","11":"taxable","12":"shipping-taxable","13":"purchasable","14":"product-type-simple"},"_links":{"self":[{"href":"https:\/\/nione-life.net\/index.php?rest_route=\/wp\/v2\/product\/4089","targetHints":{"allow":["GET"]}}],"collection":[{"href":"https:\/\/nione-life.net\/index.php?rest_route=\/wp\/v2\/product"}],"about":[{"href":"https:\/\/nione-life.net\/index.php?rest_route=\/wp\/v2\/types\/product"}],"replies":[{"embeddable":true,"href":"https:\/\/nione-life.net\/index.php?rest_route=%2Fwp%2Fv2%2Fcomments&post=4089"}],"wp:featuredmedia":[{"embeddable":true,"href":"https:\/\/nione-life.net\/index.php?rest_route=\/wp\/v2\/media\/4090"}],"wp:attachment":[{"href":"https:\/\/nione-life.net\/index.php?rest_route=%2Fwp%2Fv2%2Fmedia&parent=4089"}],"wp:term":[{"taxonomy":"product_cat","embeddable":true,"href":"https:\/\/nione-life.net\/index.php?rest_route=%2Fwp%2Fv2%2Fproduct_cat&post=4089"},{"taxonomy":"product_tag","embeddable":true,"href":"https:\/\/nione-life.net\/index.php?rest_route=%2Fwp%2Fv2%2Fproduct_tag&post=4089"}],"curies":[{"name":"wp","href":"https:\/\/api.w.org\/{rel}","templated":true}]}}