{"id":4265,"date":"2021-07-25T20:10:48","date_gmt":"2021-07-25T18:10:48","guid":{"rendered":"https:\/\/nione-life.net\/?post_type=product&#038;p=4265"},"modified":"2026-02-03T10:22:15","modified_gmt":"2026-02-03T09:22:15","slug":"rohdiamant-prinzip","status":"publish","type":"product","link":"https:\/\/nione-life.net\/?product=rohdiamant-prinzip","title":{"rendered":"ROHDIAMANT-Prinzip Classic"},"content":{"rendered":"<p><strong>Das BESTE Projekt, an dem du jemals arbeiten wirst, bist du SELBST.<\/strong><\/p>\n<p>Jahrelang habe ich alle m\u00f6glichen Di\u00e4ten, Shakes, \u201eWunderpillen\u201c, \u00dcbungen ausprobiert, um endlich erfolgreich abzunehmen.<br \/>\nBereits in meiner Jugend war ich etwas kr\u00e4ftiger. W\u00e4hrend meiner beiden Schwangerschaften habe ich jeweils 20-30 kg zugenommen. Ich wollte endlich wieder k\u00f6rperlich fit und gesund sein, mit meinen Kindern spielen k\u00f6nnen und mich einfach wieder gut f\u00fchlen k\u00f6nnen.<\/p>\n<p>Gerade als Mama von bald drei Kindern, Haushalt und Firmen, stellt es eine gro\u00dfe Herausforderung im Alltag dar, abzunehmen. Vor allem gesund und trotzdem z\u00fcgig.<br \/>\nUnd alltagstauglich musste es auch sein, denn als \u201eFamilienmanagerin\u201c freust du dich \u00fcber jede freie Minute, die du anders und effektiv einsetzen kannst. Und so entstand das ROHDIAMANT-Prinzip. Gebe dir deinen perso\u0308nlichen Feinschliff.<\/p>\n<p>Folgende k\u00f6rperlichen BENEFITS erwarten dich w\u00e4hrend dem RDP-Classic:<\/p>\n<ol>\n<li>FOKUS \u2013 Dein Gehirn kann volle Leistung bringen. Aufmerksamkeit steigt.<\/li>\n<li>24 Stunden Fettverbrennung<\/li>\n<li>Besserer Schlaf!<\/li>\n<li>Stabiler Blutzucker!<\/li>\n<li>Gute Laune &#8211; hohe Leistungen!<\/li>\n<li>Weniger Hunger &#8211; hohes S\u00e4ttigungsgef\u00fchl!<\/li>\n<li>Energieverbrauch im Maximum<\/li>\n<li>Zellenerneuerung auf Hochtouren!<\/li>\n<li>Blutdrucksenkend!<\/li>\n<li>Perfekte Cholesterin-Werte!<\/li>\n<li>N\u00e4hrstoffreich!<\/li>\n<li>Nachweislich positive Auswirkung auf die Fruchtbarkeit!<\/li>\n<\/ol>\n<p><strong>KEIN HUNGERN \u2013 KEIN JOJO EFFEKT \u2013 KEIN SPORT<\/strong><br \/>\n<strong>SCHNELLE ERFOLGE \u2013 PURE FETTVRENNUNG<\/strong><\/p>\n<p>Du erh\u00e4ltst:<\/p>\n<p>1 x RDP CLASSIC mit allen Anweisungen, Rezepten &amp; wichtigen Infos f\u00fcr deinen pers\u00f6nlichen Erfolgsweg<\/p>\n<p>1 x Zugriff auf unsere DIAMONDS-ARMY \u2013 hier kannst du dich mit anderen Teilnehmerinnen austauschen und gegenseitig unterst\u00fctzen. Unsere Admins stehen dir dort rund um die Uhr, f\u00fcr all deine Fragen, zur Seite! So wirst du begleitet und kannst deinen Erfolgsweg bestens durchlaufen!<\/p>\n<p>Mittlerweile haben wir in der DIAMONDS-ARMY enorm gro\u00dfe Ziele &amp; Fortschritte erreichen k\u00f6nnen und wachsen t\u00e4glich! Darauf sind wir sehr stolz! Auch einige unserer schwangeren Admins und ich, werden nach unseren aktuellen Schwangerschaften, mit voller Motivation, beim RDP-Classic und in der Army erneut durchstarten, um wieder in unsere beste Form zu kommen! Darauf freuen wir uns riesig!<\/p>\n","protected":false},"excerpt":{"rendered":"<p>Gebe dir mit dem ROHDIAMANT-Prinzip deinen pers\u00f6nlichen Feinschliff und erreiche deine BESTFORM !<\/p>\n","protected":false},"featured_media":4377,"comment_status":"open","ping_status":"closed","template":"","meta":[],"product_cat":[74],"product_tag":[],"class_list":{"0":"post-4265","1":"product","2":"type-product","3":"status-publish","4":"has-post-thumbnail","6":"product_cat-rohdiament-prinzip","8":"first","9":"instock","10":"downloadable","11":"taxable","12":"shipping-taxable","13":"purchasable","14":"product-type-simple"},"_links":{"self":[{"href":"https:\/\/nione-life.net\/index.php?rest_route=\/wp\/v2\/product\/4265","targetHints":{"allow":["GET"]}}],"collection":[{"href":"https:\/\/nione-life.net\/index.php?rest_route=\/wp\/v2\/product"}],"about":[{"href":"https:\/\/nione-life.net\/index.php?rest_route=\/wp\/v2\/types\/product"}],"replies":[{"embeddable":true,"href":"https:\/\/nione-life.net\/index.php?rest_route=%2Fwp%2Fv2%2Fcomments&post=4265"}],"wp:featuredmedia":[{"embeddable":true,"href":"https:\/\/nione-life.net\/index.php?rest_route=\/wp\/v2\/media\/4377"}],"wp:attachment":[{"href":"https:\/\/nione-life.net\/index.php?rest_route=%2Fwp%2Fv2%2Fmedia&parent=4265"}],"wp:term":[{"taxonomy":"product_cat","embeddable":true,"href":"https:\/\/nione-life.net\/index.php?rest_route=%2Fwp%2Fv2%2Fproduct_cat&post=4265"},{"taxonomy":"product_tag","embeddable":true,"href":"https:\/\/nione-life.net\/index.php?rest_route=%2Fwp%2Fv2%2Fproduct_tag&post=4265"}],"curies":[{"name":"wp","href":"https:\/\/api.w.org\/{rel}","templated":true}]}}